{"id":61904,"date":"2025-07-06T14:48:04","date_gmt":"2025-07-06T12:48:04","guid":{"rendered":"https:\/\/snejbjergsgi.dk\/aktiv-samvaer\/?page_id=61904"},"modified":"2025-07-06T14:48:04","modified_gmt":"2025-07-06T12:48:04","slug":"sinding-fritidscenter","status":"publish","type":"page","link":"https:\/\/snejbjergsgi.dk\/aktiv-samvaer\/sinding-fritidscenter\/","title":{"rendered":"Sinding Fritidscenter"},"content":{"rendered":"<p>Onsdag &#8211; 20. august kl. 18:00 Sinding Feriecenter M\u00f8dested: Kvindvadvej 11, 7400 Herning<br \/>\nPris: 100 kr. pr person for foredrag, 2 grillp\u00f8lser med kartoffelsalat.<br \/>\nMedbring selv drikkevarer, service, evt. kaffe og kage.<br \/>\nTilmelding: online og telefon fra 15. juli &#8211; senest 13. august<\/p>\n<div id=\"attachment_61911\" style=\"width: 310px\" class=\"wp-caption alignright\"><img loading=\"lazy\" decoding=\"async\" aria-describedby=\"caption-attachment-61911\" class=\"size-medium wp-image-61911\" src=\"https:\/\/snejbjergsgi.dk\/aktiv-samvaer\/wp-content\/uploads\/sites\/2\/2025\/07\/SindingFeriecenter-300x169.jpg\" alt=\"\" width=\"300\" height=\"169\" \/><p id=\"caption-attachment-61911\" class=\"wp-caption-text\">Sinding Feriecenter<\/p><\/div>\n<p>Sinding Feriecenter ligger i\u00a0natursk\u00f8nne omgivelser i cykelafstand fra Snejbjerg.<br \/>\nVi indledes med et foredrag af Peder Laursen, Nr. Nissum, der er formand for Thy\/Mors<br \/>\nDetektorforening.\u00a0Han vil under titlen \u201cTa\u2019 med metaldetektiven p\u00e5 arbejde\u201d<br \/>\nfort\u00e6lle om brugen af metaldetektoren og evt. tips til, hvordan man selv kommer i gang,<br \/>\nlove og regler og om, hvor det er godt at s\u00f8ge. Han vil selvf\u00f8lgelig ogs\u00e5 fort\u00e6lle om egne fund, bl.a. en s\u00f8lvskat tilbage i 2016.<\/p>\n<p><img loading=\"lazy\" decoding=\"async\" class=\"alignleft size-full wp-image-61916\" src=\"https:\/\/snejbjergsgi.dk\/aktiv-samvaer\/wp-content\/uploads\/sites\/2\/2025\/07\/PLAU.jpg\" alt=\"\" width=\"106\" height=\"122\" \/><\/p>\n<p>TV midtvest\u00a0 lavede i 2015 en <a href=\"https:\/\/www.tvmidtvest.dk\/metaldetektiverne\/metaldetektiverne-tilbage-til-den-forsvundne-by\">udsendelse om Metaledetektiverne<\/a> for Peder Laursen deltog.\u00a0Et sp\u00e6ndende foredrag er i vente. Husk selv at tage drikkevarer, service, kaffe og kage med.<\/p>\n","protected":false},"excerpt":{"rendered":"<p>Onsdag &#8211; 20. august kl. 18:00 Sinding Feriecenter M\u00f8dested: Kvindvadvej 11, 7400 Herning Pris: 100 kr. pr person for foredrag, 2 grillp\u00f8lser med kartoffelsalat. Medbring selv drikkevarer, service, evt. kaffe og kage. Tilmelding: online og telefon fra 15. juli &#8211; senest 13. august Sinding Feriecenter ligger i\u00a0natursk\u00f8nne omgivelser i cykelafstand fra Snejbjerg. Vi indledes med [&hellip;]<\/p>\n","protected":false},"author":3,"featured_media":0,"parent":0,"menu_order":0,"comment_status":"closed","ping_status":"closed","template":"","meta":{"footnotes":""},"class_list":["post-61904","page","type-page","status-publish","hentry","post"],"_links":{"self":[{"href":"https:\/\/snejbjergsgi.dk\/aktiv-samvaer\/wp-json\/wp\/v2\/pages\/61904","targetHints":{"allow":["GET"]}}],"collection":[{"href":"https:\/\/snejbjergsgi.dk\/aktiv-samvaer\/wp-json\/wp\/v2\/pages"}],"about":[{"href":"https:\/\/snejbjergsgi.dk\/aktiv-samvaer\/wp-json\/wp\/v2\/types\/page"}],"author":[{"embeddable":true,"href":"https:\/\/snejbjergsgi.dk\/aktiv-samvaer\/wp-json\/wp\/v2\/users\/3"}],"replies":[{"embeddable":true,"href":"https:\/\/snejbjergsgi.dk\/aktiv-samvaer\/wp-json\/wp\/v2\/comments?post=61904"}],"version-history":[{"count":1,"href":"https:\/\/snejbjergsgi.dk\/aktiv-samvaer\/wp-json\/wp\/v2\/pages\/61904\/revisions"}],"predecessor-version":[{"id":61917,"href":"https:\/\/snejbjergsgi.dk\/aktiv-samvaer\/wp-json\/wp\/v2\/pages\/61904\/revisions\/61917"}],"wp:attachment":[{"href":"https:\/\/snejbjergsgi.dk\/aktiv-samvaer\/wp-json\/wp\/v2\/media?parent=61904"}],"curies":[{"name":"wp","href":"https:\/\/api.w.org\/{rel}","templated":true}]}}