{"id":60812,"date":"2022-01-03T10:32:22","date_gmt":"2022-01-03T09:32:22","guid":{"rendered":"https:\/\/snejbjergsgi.dk\/aktiv-samvaer\/?page_id=60812"},"modified":"2024-10-25T16:38:18","modified_gmt":"2024-10-25T14:38:18","slug":"nyhedsbreve","status":"publish","type":"page","link":"https:\/\/snejbjergsgi.dk\/aktiv-samvaer\/nyhedsbreve\/","title":{"rendered":"Nyhedsbreve"},"content":{"rendered":"<header class=\"entry-header\">\n<h1 class=\"entry-title\">Nyhedsbrev fra Aktiv Samv\u00e6r<\/h1>\n<\/header>\n<div class=\"entry-content\">\n<p class=\"has-luminous-vivid-amber-background-color has-background\">Aktiv Samv\u00e6r har oprettet en mailliste via Mailchip.<\/p>\n<p>Form\u00e5let med maillisten er at bestyrelsen kan sende nyhedsbreve ud til medlemmer som m\u00e5tte \u00f8nske det. Det vil prim\u00e6rt v\u00e6re omkring arrangementer. Bem\u00e6rk Aktiv samv\u00e6r har oprettet mailadresser og sendt nyhedsbreve til de medlemmer vi har mailadresser p\u00e5. De er kun oprettet med mailadresse og navne. Tilmeldingsformularen giver mulighed for at tilf\u00f8je adresse og telefonnummer \u2013 men det er ikke n\u00f8dvendigt for at modtage nyhedsbreve.<\/p>\n<p>Hvis du har modtaget nyhedsbrev og vil \u00e6ndre den til en anden mailadresse \u2013 s\u00e5 brug frameld til at slette og opret derefter den nye mailadresse via tilmeld. ( der m\u00e5 gerne tilf\u00f8jes adresse og mobilnr. men det er ikke n\u00f8dvendigt for at modtage nyhedsbreve.)<\/p>\n<p>Du kan tilmelde dig nyhedsbrevet\u00a0<a href=\"http:\/\/eepurl.com\/gcrqLj\">her<\/a><\/p>\n<p>Hvis du ikke l\u00e6ngere \u00f8nsker at modtage vort nyhedsbrev s\u00e5 frameld dig\u00a0<a href=\"https:\/\/snejbjergsgi.us3.list-manage.com\/unsubscribe?u=6f3890012d471697009abc6b8&amp;id=c9169db363&amp;e=e93f2db084\">her<\/a><\/p>\n<\/div>\n","protected":false},"excerpt":{"rendered":"<p>Nyhedsbrev fra Aktiv Samv\u00e6r Aktiv Samv\u00e6r har oprettet en mailliste via Mailchip. Form\u00e5let med maillisten er at bestyrelsen kan sende nyhedsbreve ud til medlemmer som m\u00e5tte \u00f8nske det. Det vil prim\u00e6rt v\u00e6re omkring arrangementer. Bem\u00e6rk Aktiv samv\u00e6r har oprettet mailadresser og sendt nyhedsbreve til de medlemmer vi har mailadresser p\u00e5. De er kun oprettet med [&hellip;]<\/p>\n","protected":false},"author":3,"featured_media":0,"parent":0,"menu_order":0,"comment_status":"closed","ping_status":"closed","template":"","meta":{"footnotes":""},"class_list":["post-60812","page","type-page","status-publish","hentry","post"],"_links":{"self":[{"href":"https:\/\/snejbjergsgi.dk\/aktiv-samvaer\/wp-json\/wp\/v2\/pages\/60812","targetHints":{"allow":["GET"]}}],"collection":[{"href":"https:\/\/snejbjergsgi.dk\/aktiv-samvaer\/wp-json\/wp\/v2\/pages"}],"about":[{"href":"https:\/\/snejbjergsgi.dk\/aktiv-samvaer\/wp-json\/wp\/v2\/types\/page"}],"author":[{"embeddable":true,"href":"https:\/\/snejbjergsgi.dk\/aktiv-samvaer\/wp-json\/wp\/v2\/users\/3"}],"replies":[{"embeddable":true,"href":"https:\/\/snejbjergsgi.dk\/aktiv-samvaer\/wp-json\/wp\/v2\/comments?post=60812"}],"version-history":[{"count":11,"href":"https:\/\/snejbjergsgi.dk\/aktiv-samvaer\/wp-json\/wp\/v2\/pages\/60812\/revisions"}],"predecessor-version":[{"id":61777,"href":"https:\/\/snejbjergsgi.dk\/aktiv-samvaer\/wp-json\/wp\/v2\/pages\/60812\/revisions\/61777"}],"wp:attachment":[{"href":"https:\/\/snejbjergsgi.dk\/aktiv-samvaer\/wp-json\/wp\/v2\/media?parent=60812"}],"curies":[{"name":"wp","href":"https:\/\/api.w.org\/{rel}","templated":true}]}}