{"id":60517,"date":"2021-01-12T14:31:34","date_gmt":"2021-01-12T13:31:34","guid":{"rendered":"http:\/\/168.119.69.83\/~ssgi\/aktiv-samvaer\/?page_id=60517"},"modified":"2021-01-12T14:42:23","modified_gmt":"2021-01-12T13:42:23","slug":"aktiv-samvaers-historie","status":"publish","type":"page","link":"https:\/\/snejbjergsgi.dk\/aktiv-samvaer\/aktiv-samvaers-historie\/","title":{"rendered":"Aktiv Samv\u00e6rs historie"},"content":{"rendered":"<p>Aktiv samv\u00e6r blev startet i 1987 &#8211; i maj m\u00e5ned inviterede Karen og Henning Elbr\u00f8nd:<\/p>\n<p>Else Marie og J\u00f8rn Bull,<\/p>\n<p>Tove og Johan B\u00e6kgaard,<\/p>\n<p>Rita og Gunnar Facius,<\/p>\n<p>Kirsten og Jens \u00d8rskov\u00a0<\/p>\n<p>til et m\u00f8de hvor temaet var\u00a0 skal vi lave en ny forening for voksne &#8211; hvor idr\u00e6tsaktiviteter blev kombineret med samv\u00e6r. Tanken om de fysiske aktiviteter blev dog udskudt indtil videre s\u00e5 grundlaget blev. Ved bes\u00f8g p\u00e5 institutioner, foreninger, virksomheder og andre m\u00e5l at stifte bekendtskab med andre menneskers hverdag &#8211; og fra starten fik f\u00e6llessange og f\u00e6lles kaffebord en central placering.\u00a0<\/p>\n<p><a href=\"https:\/\/drive.google.com\/file\/d\/1v7tS4nM5Pyg5bg8XvWvKMv5hgR0dBAPk\/view?usp=sharing\">l\u00e6s historien her<\/a> (kilde Snejbjerg SG&amp;I 1879- 2004 -125 \u00e5rs jubil\u00e6umsbog)<\/p>\n\n\n<p><\/p>\n","protected":false},"excerpt":{"rendered":"<p>Aktiv samv\u00e6r blev startet i 1987 &#8211; i maj m\u00e5ned inviterede Karen og Henning Elbr\u00f8nd: Else Marie og J\u00f8rn Bull, Tove og Johan B\u00e6kgaard, Rita og Gunnar Facius, Kirsten og Jens \u00d8rskov\u00a0 til et m\u00f8de hvor temaet var\u00a0 skal vi lave en ny forening for voksne &#8211; hvor idr\u00e6tsaktiviteter blev kombineret med samv\u00e6r. Tanken om [&hellip;]<\/p>\n","protected":false},"author":3,"featured_media":0,"parent":0,"menu_order":0,"comment_status":"closed","ping_status":"closed","template":"","meta":{"footnotes":""},"class_list":["post-60517","page","type-page","status-publish","hentry","post"],"_links":{"self":[{"href":"https:\/\/snejbjergsgi.dk\/aktiv-samvaer\/wp-json\/wp\/v2\/pages\/60517","targetHints":{"allow":["GET"]}}],"collection":[{"href":"https:\/\/snejbjergsgi.dk\/aktiv-samvaer\/wp-json\/wp\/v2\/pages"}],"about":[{"href":"https:\/\/snejbjergsgi.dk\/aktiv-samvaer\/wp-json\/wp\/v2\/types\/page"}],"author":[{"embeddable":true,"href":"https:\/\/snejbjergsgi.dk\/aktiv-samvaer\/wp-json\/wp\/v2\/users\/3"}],"replies":[{"embeddable":true,"href":"https:\/\/snejbjergsgi.dk\/aktiv-samvaer\/wp-json\/wp\/v2\/comments?post=60517"}],"version-history":[{"count":2,"href":"https:\/\/snejbjergsgi.dk\/aktiv-samvaer\/wp-json\/wp\/v2\/pages\/60517\/revisions"}],"predecessor-version":[{"id":60520,"href":"https:\/\/snejbjergsgi.dk\/aktiv-samvaer\/wp-json\/wp\/v2\/pages\/60517\/revisions\/60520"}],"wp:attachment":[{"href":"https:\/\/snejbjergsgi.dk\/aktiv-samvaer\/wp-json\/wp\/v2\/media?parent=60517"}],"curies":[{"name":"wp","href":"https:\/\/api.w.org\/{rel}","templated":true}]}}