{"id":25,"date":"2018-04-18T21:44:11","date_gmt":"2018-04-18T21:44:11","guid":{"rendered":"http:\/\/2018.snejbjergsgi.dk\/aktiv-samvaer\/?page_id=25"},"modified":"2021-06-11T14:54:10","modified_gmt":"2021-06-11T12:54:10","slug":"nyt-medlem","status":"publish","type":"page","link":"https:\/\/snejbjergsgi.dk\/aktiv-samvaer\/tilmelding\/nyt-medlem\/","title":{"rendered":"Nyt medlem"},"content":{"rendered":"<p>Tak for din interesse for vor forening. Ved at klikke p\u00e5 <a href=\"https:\/\/docs.google.com\/forms\/d\/e\/1FAIpQLSdQSYQR7H5yVoWTBZ1iEWlBkJ8UUcd0_ykJGBzcLG4N1CmEyQ\/viewform\">linket he<\/a>r bliver du videresendt til en indberetningformular som sender dine kontaktoplysninger videre til vor bestyrelse.<\/p>\n<p>Et medlem fra bestyrelsen vil herefter kontakte dig og aftale det videre forl\u00f8b.<\/p>\n<p>Vi har et \u00e5rligt kontingent p\u00e5 75 kr. pr. person. Herudover vil det fremg\u00e5 af programmet hvad hvert enkelt arrangement koster.<\/p>\n<p>Med venlig hilsen<\/p>\n<p>Bestyrelsen<\/p>\n","protected":false},"excerpt":{"rendered":"<p>Tak for din interesse for vor forening. Ved at klikke p\u00e5 linket her bliver du videresendt til en indberetningformular som sender dine kontaktoplysninger videre til vor bestyrelse. Et medlem fra bestyrelsen vil herefter kontakte dig og aftale det videre forl\u00f8b. Vi har et \u00e5rligt kontingent p\u00e5 75 kr. pr. person. Herudover vil det fremg\u00e5 af [&hellip;]<\/p>\n","protected":false},"author":1,"featured_media":0,"parent":22,"menu_order":0,"comment_status":"closed","ping_status":"closed","template":"","meta":{"footnotes":""},"class_list":["post-25","page","type-page","status-publish","hentry","post"],"_links":{"self":[{"href":"https:\/\/snejbjergsgi.dk\/aktiv-samvaer\/wp-json\/wp\/v2\/pages\/25","targetHints":{"allow":["GET"]}}],"collection":[{"href":"https:\/\/snejbjergsgi.dk\/aktiv-samvaer\/wp-json\/wp\/v2\/pages"}],"about":[{"href":"https:\/\/snejbjergsgi.dk\/aktiv-samvaer\/wp-json\/wp\/v2\/types\/page"}],"author":[{"embeddable":true,"href":"https:\/\/snejbjergsgi.dk\/aktiv-samvaer\/wp-json\/wp\/v2\/users\/1"}],"replies":[{"embeddable":true,"href":"https:\/\/snejbjergsgi.dk\/aktiv-samvaer\/wp-json\/wp\/v2\/comments?post=25"}],"version-history":[{"count":3,"href":"https:\/\/snejbjergsgi.dk\/aktiv-samvaer\/wp-json\/wp\/v2\/pages\/25\/revisions"}],"predecessor-version":[{"id":60605,"href":"https:\/\/snejbjergsgi.dk\/aktiv-samvaer\/wp-json\/wp\/v2\/pages\/25\/revisions\/60605"}],"up":[{"embeddable":true,"href":"https:\/\/snejbjergsgi.dk\/aktiv-samvaer\/wp-json\/wp\/v2\/pages\/22"}],"wp:attachment":[{"href":"https:\/\/snejbjergsgi.dk\/aktiv-samvaer\/wp-json\/wp\/v2\/media?parent=25"}],"curies":[{"name":"wp","href":"https:\/\/api.w.org\/{rel}","templated":true}]}}