{"id":15,"date":"2018-04-18T21:32:17","date_gmt":"2018-04-18T21:32:17","guid":{"rendered":"http:\/\/2018.snejbjergsgi.dk\/aktiv-samvaer\/?page_id=15"},"modified":"2026-04-18T17:37:26","modified_gmt":"2026-04-18T15:37:26","slug":"bestyrelse","status":"publish","type":"page","link":"https:\/\/snejbjergsgi.dk\/aktiv-samvaer\/kontakt\/bestyrelse\/","title":{"rendered":"Bestyrelse"},"content":{"rendered":"<p>Bestyrelsen best\u00e5r af 5 par. I ulige \u00e5r er 2 par p\u00e5 valg og i lige \u00e5r er 3 par p\u00e5 valg.<\/p>\n<p><strong>\u00c5rsm\u00f8det d. 9. april 2026<\/strong>. P\u00e5 valg var Kirsten og Thyge Lindberg, Lisbeth og Frede Dalsgaard og Kirsten og Kurt Knudsen. Kirsten og Thyge samt Lisbeth og Frede \u00f8nskede ikke genvalg. Valgt blev Kirsten og Kurt Knudsen, Lone og Niels Christensen og Kirsten og Bjarne H\u00f8jgaard. P\u00e5 efterf\u00f8lgende bestyrelsesm\u00f8de -konstituerede bestyrelsen sig, jf. nedenst\u00e5ende:<\/p>\n<table border=\"4\" cellspacing=\"0\" cellpadding=\"5\">\n<tbody>\n<tr>\n<td align=\"left\" valign=\"top\"><strong>Formand J\u00f8rgen Sommerlund Rasmussen<\/strong><\/td>\n<\/tr>\n<tr>\n<td align=\"left\" valign=\"top\">Snejbjerg Hovedgade 36G<br \/>\n7400 Herning<\/td>\n<td align=\"left\" valign=\"top\">4021 6087<\/td>\n<td align=\"left\" valign=\"top\">toftbjerg43@gmail.com<\/td>\n<\/tr>\n<tr>\n<td align=\"left\" valign=\"top\"><strong>Medlem Bodil Rasmussen<\/strong><\/td>\n<\/tr>\n<tr>\n<td align=\"left\" valign=\"top\">Snejbjerg Hovedgade 36G<br \/>\n7400 Herning<\/td>\n<td align=\"left\" valign=\"top\">2128 8652<\/td>\n<td align=\"left\" valign=\"top\">bodil.toftbjerg@gmail.com<\/td>\n<\/tr>\n<tr>\n<td align=\"left\" valign=\"top\"><strong>Kasserer Niels Christensen<\/strong><\/td>\n<\/tr>\n<tr>\n<td align=\"left\" valign=\"top\">Snejbjerg Hovedgade 34E ,<br \/>\n7400\u00a0Herning<\/td>\n<td align=\"left\" valign=\"top\">2260 3684<\/td>\n<td align=\"left\" valign=\"top\">nc@outlook.dk<\/td>\n<\/tr>\n<tr>\n<td align=\"left\" valign=\"top\"><strong>Medlem Lone Christensen<\/strong><\/td>\n<\/tr>\n<tr>\n<td align=\"left\" valign=\"top\">Snejbjerg Hovedgade 34E,<br \/>\n7400\u00a0Herning<\/td>\n<td align=\"left\" valign=\"top\">6133 2184<\/td>\n<td align=\"left\" valign=\"top\">ihc60@outlook.dk<\/td>\n<\/tr>\n<tr>\n<td align=\"left\" valign=\"top\"><strong>Medlem &#8211; tilmelding Bjarne H\u00f8jgaard<\/strong><\/td>\n<\/tr>\n<tr>\n<td align=\"left\" valign=\"top\">Birkelunden 40,<br \/>\n7400 Herning<\/td>\n<td align=\"left\" valign=\"top\">29243196<\/td>\n<td align=\"left\" valign=\"top\">kildevej13@hotmail.com<\/td>\n<\/tr>\n<tr>\n<td align=\"left\" valign=\"top\"><strong>Medlem &#8211; tilmelding Kirsten H\u00f8jgaard<\/strong><\/td>\n<\/tr>\n<tr>\n<td align=\"left\" valign=\"top\">Birkelunden 40,<br \/>\n7400 Herning<\/td>\n<td align=\"left\" valign=\"top\">61791821<\/td>\n<td align=\"left\" valign=\"top\">kildevej13@hotmail.com<\/td>\n<\/tr>\n<tr>\n<td align=\"left\" valign=\"top\"><strong>Sekret\u00e6r Jette Kristensen<\/strong><\/td>\n<\/tr>\n<tr>\n<td align=\"left\" valign=\"top\">Gl. \u00d8rskovvej 25,<br \/>\n7400 Herning<\/td>\n<td align=\"left\" valign=\"top\">2099 8150<\/td>\n<td align=\"left\" valign=\"top\"><a href=\"mailto:jetteknud1@gmail.com\">jetteknud1@gmail.com<\/a><\/td>\n<\/tr>\n<tr>\n<td align=\"left\" valign=\"top\"><strong>Medlem Knud Kristensen\u00a0<\/strong><\/td>\n<\/tr>\n<tr>\n<td align=\"left\" valign=\"top\"><span class=\"locality\">Gl. \u00d8rskovvej 25,<br \/>\n7400 Herning<\/span><\/td>\n<td align=\"left\" valign=\"top\"><span data-sheets-value=\"{&quot;1&quot;:3,&quot;3&quot;:29820355}\" data-sheets-userformat=\"{&quot;2&quot;:513,&quot;3&quot;:{&quot;1&quot;:0},&quot;12&quot;:0}\">2982 0355<\/span><\/td>\n<td align=\"left\" valign=\"top\"><a href=\"mailto:knudmk55@gmail.com\"><span data-sheets-value=\"{&quot;1&quot;:2,&quot;2&quot;:&quot;knudmk55@gmail.com&quot;}\" data-sheets-userformat=\"{&quot;2&quot;:513,&quot;3&quot;:{&quot;1&quot;:0},&quot;12&quot;:0}\">knudmk55@gmail.com<\/span><\/a><\/td>\n<\/tr>\n<tr>\n<td align=\"left\" valign=\"top\"><strong>Medlem Kirsten Knudsen &#8211; indk\u00f8b<\/strong><\/td>\n<\/tr>\n<tr>\n<td align=\"left\" valign=\"top\">Solbjerg 30,<br \/>\n7400\u00a0Herning<\/td>\n<td align=\"left\" valign=\"top\">23340012<\/td>\n<td align=\"left\" valign=\"top\">\n<table width=\"220\">\n<tbody>\n<tr>\n<td width=\"220\"><a href=\"mailto:kirstenogkurt@privat.dk\">kirstenogkurt@privat.dk<\/a><\/td>\n<\/tr>\n<\/tbody>\n<\/table>\n<\/td>\n<\/tr>\n<tr>\n<td align=\"left\" valign=\"top\"><strong>Medlem Kurt Knudsen &#8211; indk\u00f8b\u00a0\u00a0<\/strong><\/td>\n<\/tr>\n<tr>\n<td>Solbjerg 30,<br \/>\n7400 Herning<\/td>\n<td align=\"left\" valign=\"top\">20153473<\/td>\n<td align=\"left\" valign=\"top\">\n<table width=\"220\">\n<tbody>\n<tr>\n<td width=\"220\"><a href=\"mailto:kirstenogkurt@privat.dk\">kirstenogkurt@privat.dk<\/a><\/td>\n<\/tr>\n<\/tbody>\n<\/table>\n<\/td>\n<\/tr>\n<\/tbody>\n<\/table>\n<p>Historisk liste over bestyrelserne i Aktiv Samv\u00e6r &#8211;\u00a0<a href=\"https:\/\/snejbjergsgi.dk\/aktiv-samvaer\/besyrelsesoversigt-historisk\/\">se her<\/a><!--more--><\/p>\n","protected":false},"excerpt":{"rendered":"<p>Bestyrelsen best\u00e5r af 5 par. I ulige \u00e5r er 2 par p\u00e5 valg og i lige \u00e5r er 3 par p\u00e5 valg. \u00c5rsm\u00f8det d. 9. april 2026. P\u00e5 valg var Kirsten og Thyge Lindberg, Lisbeth og Frede Dalsgaard og Kirsten og Kurt Knudsen. Kirsten og Thyge samt Lisbeth og Frede \u00f8nskede ikke genvalg. Valgt blev [&hellip;]<\/p>\n","protected":false},"author":1,"featured_media":0,"parent":12,"menu_order":0,"comment_status":"closed","ping_status":"closed","template":"","meta":{"footnotes":""},"class_list":["post-15","page","type-page","status-publish","hentry","post"],"_links":{"self":[{"href":"https:\/\/snejbjergsgi.dk\/aktiv-samvaer\/wp-json\/wp\/v2\/pages\/15","targetHints":{"allow":["GET"]}}],"collection":[{"href":"https:\/\/snejbjergsgi.dk\/aktiv-samvaer\/wp-json\/wp\/v2\/pages"}],"about":[{"href":"https:\/\/snejbjergsgi.dk\/aktiv-samvaer\/wp-json\/wp\/v2\/types\/page"}],"author":[{"embeddable":true,"href":"https:\/\/snejbjergsgi.dk\/aktiv-samvaer\/wp-json\/wp\/v2\/users\/1"}],"replies":[{"embeddable":true,"href":"https:\/\/snejbjergsgi.dk\/aktiv-samvaer\/wp-json\/wp\/v2\/comments?post=15"}],"version-history":[{"count":38,"href":"https:\/\/snejbjergsgi.dk\/aktiv-samvaer\/wp-json\/wp\/v2\/pages\/15\/revisions"}],"predecessor-version":[{"id":62060,"href":"https:\/\/snejbjergsgi.dk\/aktiv-samvaer\/wp-json\/wp\/v2\/pages\/15\/revisions\/62060"}],"up":[{"embeddable":true,"href":"https:\/\/snejbjergsgi.dk\/aktiv-samvaer\/wp-json\/wp\/v2\/pages\/12"}],"wp:attachment":[{"href":"https:\/\/snejbjergsgi.dk\/aktiv-samvaer\/wp-json\/wp\/v2\/media?parent=15"}],"curies":[{"name":"wp","href":"https:\/\/api.w.org\/{rel}","templated":true}]}}